{"id":11112,"date":"2025-06-25T20:22:27","date_gmt":"2025-06-25T18:22:27","guid":{"rendered":"https:\/\/b2b.arribanutrition.com\/product\/sin%20categor\u00eda\/whey-protein\/"},"modified":"2025-10-13T09:38:29","modified_gmt":"2025-10-13T07:38:29","slug":"whey-protein","status":"publish","type":"product","link":"https:\/\/arribab2b.com\/es\/producto\/objetivos\/desarrollo-muscular\/whey-protein\/","title":{"rendered":"Whey Protein"},"content":{"rendered":"<p><strong>Combinaci\u00f3n perfecta de sabor y resultados.<\/strong><br \/>\nArriba Whey Protein es tu batido de prote\u00ednas diario ideal: una potente dosis de prote\u00edna con un sabor inigualable.<br \/>\nIdeal para el d\u00eda a d\u00eda, est\u00e1 dise\u00f1ado para favorecer el crecimiento muscular magro, la recuperaci\u00f3n y el rendimiento general.<\/p>\n","protected":false},"excerpt":{"rendered":"<p>Combinaci\u00f3n perfecta de sabor y resultados. Arriba Whey Protein es tu batido de prote\u00ednas diario ideal: una potente dosis de prote\u00edna con un sabor inigualable. Ideal para el d\u00eda a d\u00eda, est\u00e1 dise\u00f1ado para favorecer el crecimiento muscular magro, la recuperaci\u00f3n y el rendimiento general.<\/p>\n","protected":false},"featured_media":11250,"comment_status":"open","ping_status":"closed","template":"","meta":[],"product_brand":[],"product_cat":[325,134],"product_tag":[406],"class_list":{"0":"post-11112","1":"product","2":"type-product","3":"status-publish","4":"has-post-thumbnail","6":"product_cat-mr-anatoly","7":"product_cat-desarrollo-muscular","8":"product_tag-producten-es","10":"first","11":"instock","12":"taxable","13":"shipping-taxable","14":"product-type-variable","15":"has-default-attributes"},"_links":{"self":[{"href":"https:\/\/arribab2b.com\/es\/wp-json\/wp\/v2\/product\/11112","targetHints":{"allow":["GET"]}}],"collection":[{"href":"https:\/\/arribab2b.com\/es\/wp-json\/wp\/v2\/product"}],"about":[{"href":"https:\/\/arribab2b.com\/es\/wp-json\/wp\/v2\/types\/product"}],"replies":[{"embeddable":true,"href":"https:\/\/arribab2b.com\/es\/wp-json\/wp\/v2\/comments?post=11112"}],"wp:featuredmedia":[{"embeddable":true,"href":"https:\/\/arribab2b.com\/es\/wp-json\/wp\/v2\/media\/11250"}],"wp:attachment":[{"href":"https:\/\/arribab2b.com\/es\/wp-json\/wp\/v2\/media?parent=11112"}],"wp:term":[{"taxonomy":"product_brand","embeddable":true,"href":"https:\/\/arribab2b.com\/es\/wp-json\/wp\/v2\/product_brand?post=11112"},{"taxonomy":"product_cat","embeddable":true,"href":"https:\/\/arribab2b.com\/es\/wp-json\/wp\/v2\/product_cat?post=11112"},{"taxonomy":"product_tag","embeddable":true,"href":"https:\/\/arribab2b.com\/es\/wp-json\/wp\/v2\/product_tag?post=11112"}],"curies":[{"name":"wp","href":"https:\/\/api.w.org\/{rel}","templated":true}]}}