{"id":11116,"date":"2025-06-16T09:43:43","date_gmt":"2025-06-16T07:43:43","guid":{"rendered":"https:\/\/b2b.arribanutrition.com\/product\/sin%20categor\u00eda\/pre-workout\/"},"modified":"2025-10-13T09:39:28","modified_gmt":"2025-10-13T07:39:28","slug":"pre-workout","status":"publish","type":"product","link":"https:\/\/arribab2b.com\/es\/producto\/objetivos\/aguante\/pre-workout\/","title":{"rendered":"Pre Workout"},"content":{"rendered":"<p>Desarrollado por el legendario atleta de fuerza, el Mr. Anatoly, este preentrenamiento est\u00e1 <strong>dise\u00f1ado para ayudarte a dominar desde el calentamiento hasta la relajaci\u00f3n<\/strong>. Con <strong>energ\u00eda intensa<\/strong>, c<strong>oncentraci\u00f3n y un bombeo potente<\/strong>, esta f\u00f3rmula te ayuda a superar la fatiga y a superar cualquier estancamiento.<br \/>\nDisponible en sabores intensos y energizantes: <strong>Algod\u00f3n de Az\u00facar, Manzana Loca y Frutos Rojos Congelados.<\/strong><\/p>\n","protected":false},"excerpt":{"rendered":"<p>Desarrollado por el legendario atleta de fuerza, el Mr. Anatoly, este preentrenamiento est\u00e1 dise\u00f1ado para ayudarte a dominar desde el calentamiento hasta la relajaci\u00f3n. Con energ\u00eda intensa, concentraci\u00f3n y un bombeo potente, esta f\u00f3rmula te ayuda a superar la fatiga y a superar cualquier estancamiento. Disponible en sabores intensos y energizantes: Algod\u00f3n de Az\u00facar, Manzana [&hellip;]<\/p>\n","protected":false},"featured_media":11205,"comment_status":"open","ping_status":"closed","template":"","meta":[],"product_brand":[],"product_cat":[325,135],"product_tag":[406],"class_list":{"0":"post-11116","1":"product","2":"type-product","3":"status-publish","4":"has-post-thumbnail","6":"product_cat-mr-anatoly","7":"product_cat-aguante","8":"product_tag-producten-es","10":"first","11":"instock","12":"taxable","13":"shipping-taxable","14":"product-type-variable","15":"has-default-attributes"},"_links":{"self":[{"href":"https:\/\/arribab2b.com\/es\/wp-json\/wp\/v2\/product\/11116","targetHints":{"allow":["GET"]}}],"collection":[{"href":"https:\/\/arribab2b.com\/es\/wp-json\/wp\/v2\/product"}],"about":[{"href":"https:\/\/arribab2b.com\/es\/wp-json\/wp\/v2\/types\/product"}],"replies":[{"embeddable":true,"href":"https:\/\/arribab2b.com\/es\/wp-json\/wp\/v2\/comments?post=11116"}],"wp:featuredmedia":[{"embeddable":true,"href":"https:\/\/arribab2b.com\/es\/wp-json\/wp\/v2\/media\/11205"}],"wp:attachment":[{"href":"https:\/\/arribab2b.com\/es\/wp-json\/wp\/v2\/media?parent=11116"}],"wp:term":[{"taxonomy":"product_brand","embeddable":true,"href":"https:\/\/arribab2b.com\/es\/wp-json\/wp\/v2\/product_brand?post=11116"},{"taxonomy":"product_cat","embeddable":true,"href":"https:\/\/arribab2b.com\/es\/wp-json\/wp\/v2\/product_cat?post=11116"},{"taxonomy":"product_tag","embeddable":true,"href":"https:\/\/arribab2b.com\/es\/wp-json\/wp\/v2\/product_tag?post=11116"}],"curies":[{"name":"wp","href":"https:\/\/api.w.org\/{rel}","templated":true}]}}