{"id":11120,"date":"2025-05-09T01:25:02","date_gmt":"2025-05-08T23:25:02","guid":{"rendered":"https:\/\/b2b.arribanutrition.com\/product\/sin%20categor\u00eda\/multivitamina\/"},"modified":"2025-10-13T09:39:40","modified_gmt":"2025-10-13T07:39:40","slug":"multivitamina","status":"publish","type":"product","link":"https:\/\/arribab2b.com\/es\/producto\/objetivos\/perder-peso\/multivitamina\/","title":{"rendered":"Multivitamina"},"content":{"rendered":"<p><strong>Bienestar completo en una sola c\u00e1psula.<\/strong><br \/>\nArriba Multivitamins ofrece un <strong>espectro completo de micronutrientes esenciales<\/strong> para personas activas. Dise\u00f1ada para atletas y personas con estilos de vida de alta energ\u00eda, esta f\u00f3rmula estimula la inmunidad, mejora la recuperaci\u00f3n y mantiene el cuerpo funcionando en \u00f3ptimas condiciones, d\u00eda tras d\u00eda.<\/p>\n","protected":false},"excerpt":{"rendered":"<p>Bienestar completo en una sola c\u00e1psula. Arriba Multivitamins ofrece un espectro completo de micronutrientes esenciales para personas activas. Dise\u00f1ada para atletas y personas con estilos de vida de alta energ\u00eda, esta f\u00f3rmula estimula la inmunidad, mejora la recuperaci\u00f3n y mantiene el cuerpo funcionando en \u00f3ptimas condiciones, d\u00eda tras d\u00eda.<\/p>\n","protected":false},"featured_media":11232,"comment_status":"open","ping_status":"closed","template":"","meta":[],"product_brand":[],"product_cat":[325,133,132],"product_tag":[406],"class_list":{"0":"post-11120","1":"product","2":"type-product","3":"status-publish","4":"has-post-thumbnail","6":"product_cat-mr-anatoly","7":"product_cat-estilo-de-vida-saludable","8":"product_cat-perder-peso","9":"product_tag-producten-es","11":"first","12":"instock","13":"taxable","14":"shipping-taxable","15":"product-type-simple"},"_links":{"self":[{"href":"https:\/\/arribab2b.com\/es\/wp-json\/wp\/v2\/product\/11120","targetHints":{"allow":["GET"]}}],"collection":[{"href":"https:\/\/arribab2b.com\/es\/wp-json\/wp\/v2\/product"}],"about":[{"href":"https:\/\/arribab2b.com\/es\/wp-json\/wp\/v2\/types\/product"}],"replies":[{"embeddable":true,"href":"https:\/\/arribab2b.com\/es\/wp-json\/wp\/v2\/comments?post=11120"}],"wp:featuredmedia":[{"embeddable":true,"href":"https:\/\/arribab2b.com\/es\/wp-json\/wp\/v2\/media\/11232"}],"wp:attachment":[{"href":"https:\/\/arribab2b.com\/es\/wp-json\/wp\/v2\/media?parent=11120"}],"wp:term":[{"taxonomy":"product_brand","embeddable":true,"href":"https:\/\/arribab2b.com\/es\/wp-json\/wp\/v2\/product_brand?post=11120"},{"taxonomy":"product_cat","embeddable":true,"href":"https:\/\/arribab2b.com\/es\/wp-json\/wp\/v2\/product_cat?post=11120"},{"taxonomy":"product_tag","embeddable":true,"href":"https:\/\/arribab2b.com\/es\/wp-json\/wp\/v2\/product_tag?post=11120"}],"curies":[{"name":"wp","href":"https:\/\/api.w.org\/{rel}","templated":true}]}}