{"id":11121,"date":"2025-05-09T01:10:43","date_gmt":"2025-05-08T23:10:43","guid":{"rendered":"https:\/\/b2b.arribanutrition.com\/product\/sin%20categor\u00eda\/glucosamine-chrondroitin\/"},"modified":"2025-10-13T09:39:57","modified_gmt":"2025-10-13T07:39:57","slug":"glucosamine-chrondroitin","status":"publish","type":"product","link":"https:\/\/arribab2b.com\/es\/producto\/objetivos\/estilo-de-vida-saludable\/glucosamine-chrondroitin\/","title":{"rendered":"Glucosamine Chrondroitin"},"content":{"rendered":"<p><strong>Articulaciones m\u00e1s fuertes. Movimientos m\u00e1s fluidos. Mejor entrenamiento.<br \/>\n<\/strong>La glucosamina-condroitina de Arriba est\u00e1 formulada para quienes exigen m\u00e1s de su cuerpo. Ya sea que est\u00e9s levantando pesas, corriendo o recuper\u00e1ndote, este suplemento promueve la <strong>flexibilidad articular<\/strong>, la salud del cart\u00edlago y la comodidad articular a largo plazo, <strong>para que puedas entrenar sin l\u00edmites.<\/strong><\/p>\n","protected":false},"excerpt":{"rendered":"<p>Articulaciones m\u00e1s fuertes. Movimientos m\u00e1s fluidos. Mejor entrenamiento. La glucosamina-condroitina de Arriba est\u00e1 formulada para quienes exigen m\u00e1s de su cuerpo. Ya sea que est\u00e9s levantando pesas, corriendo o recuper\u00e1ndote, este suplemento promueve la flexibilidad articular, la salud del cart\u00edlago y la comodidad articular a largo plazo, para que puedas entrenar sin l\u00edmites.<\/p>\n","protected":false},"featured_media":11226,"comment_status":"open","ping_status":"closed","template":"","meta":[],"product_brand":[],"product_cat":[325,133],"product_tag":[406],"class_list":{"0":"post-11121","1":"product","2":"type-product","3":"status-publish","4":"has-post-thumbnail","6":"product_cat-mr-anatoly","7":"product_cat-estilo-de-vida-saludable","8":"product_tag-producten-es","10":"first","11":"instock","12":"taxable","13":"shipping-taxable","14":"product-type-simple"},"_links":{"self":[{"href":"https:\/\/arribab2b.com\/es\/wp-json\/wp\/v2\/product\/11121","targetHints":{"allow":["GET"]}}],"collection":[{"href":"https:\/\/arribab2b.com\/es\/wp-json\/wp\/v2\/product"}],"about":[{"href":"https:\/\/arribab2b.com\/es\/wp-json\/wp\/v2\/types\/product"}],"replies":[{"embeddable":true,"href":"https:\/\/arribab2b.com\/es\/wp-json\/wp\/v2\/comments?post=11121"}],"wp:featuredmedia":[{"embeddable":true,"href":"https:\/\/arribab2b.com\/es\/wp-json\/wp\/v2\/media\/11226"}],"wp:attachment":[{"href":"https:\/\/arribab2b.com\/es\/wp-json\/wp\/v2\/media?parent=11121"}],"wp:term":[{"taxonomy":"product_brand","embeddable":true,"href":"https:\/\/arribab2b.com\/es\/wp-json\/wp\/v2\/product_brand?post=11121"},{"taxonomy":"product_cat","embeddable":true,"href":"https:\/\/arribab2b.com\/es\/wp-json\/wp\/v2\/product_cat?post=11121"},{"taxonomy":"product_tag","embeddable":true,"href":"https:\/\/arribab2b.com\/es\/wp-json\/wp\/v2\/product_tag?post=11121"}],"curies":[{"name":"wp","href":"https:\/\/api.w.org\/{rel}","templated":true}]}}