{"id":11122,"date":"2025-05-08T23:35:11","date_gmt":"2025-05-08T21:35:11","guid":{"rendered":"https:\/\/b2b.arribanutrition.com\/product\/sin%20categor\u00eda\/isolate-protein\/"},"modified":"2025-10-13T09:40:47","modified_gmt":"2025-10-13T07:40:47","slug":"isolate-protein","status":"publish","type":"product","link":"https:\/\/arribab2b.com\/es\/producto\/objetivos\/perder-peso\/isolate-protein\/","title":{"rendered":"Isolate Protein"},"content":{"rendered":"<p><strong>30 g de prote\u00edna. Sin concesiones. Resultados garantizados. <\/strong><br \/>\nArriba Nutrition Whey Isolate es <strong>la prote\u00edna post-entrenamiento definitiva<\/strong>: de r\u00e1pida digesti\u00f3n, baja en lactosa y dise\u00f1ada para obtener ganancias considerables. Elaborada por el propio Mr. Anatoly, cada porci\u00f3n aporta <strong>30 g de prote\u00edna pura para<\/strong> impulsar la recuperaci\u00f3n y favorecer el crecimiento muscular magro.<br \/>\nPerfecta para definir, ganar volumen y mantenerse definida.<\/p>\n","protected":false},"excerpt":{"rendered":"<p>30 g de prote\u00edna. Sin concesiones. Resultados garantizados. Arriba Nutrition Whey Isolate es la prote\u00edna post-entrenamiento definitiva: de r\u00e1pida digesti\u00f3n, baja en lactosa y dise\u00f1ada para obtener ganancias considerables. Elaborada por el propio Mr. Anatoly, cada porci\u00f3n aporta 30 g de prote\u00edna pura para impulsar la recuperaci\u00f3n y favorecer el crecimiento muscular magro. Perfecta para [&hellip;]<\/p>\n","protected":false},"featured_media":11247,"comment_status":"open","ping_status":"closed","template":"","meta":[],"product_brand":[],"product_cat":[325,133,132],"product_tag":[404],"class_list":{"0":"post-11122","1":"product","2":"type-product","3":"status-publish","4":"has-post-thumbnail","6":"product_cat-mr-anatoly","7":"product_cat-estilo-de-vida-saludable","8":"product_cat-perder-peso","9":"product_tag-isolate-es","11":"first","12":"instock","13":"taxable","14":"shipping-taxable","15":"product-type-variable","16":"has-default-attributes"},"_links":{"self":[{"href":"https:\/\/arribab2b.com\/es\/wp-json\/wp\/v2\/product\/11122","targetHints":{"allow":["GET"]}}],"collection":[{"href":"https:\/\/arribab2b.com\/es\/wp-json\/wp\/v2\/product"}],"about":[{"href":"https:\/\/arribab2b.com\/es\/wp-json\/wp\/v2\/types\/product"}],"replies":[{"embeddable":true,"href":"https:\/\/arribab2b.com\/es\/wp-json\/wp\/v2\/comments?post=11122"}],"wp:featuredmedia":[{"embeddable":true,"href":"https:\/\/arribab2b.com\/es\/wp-json\/wp\/v2\/media\/11247"}],"wp:attachment":[{"href":"https:\/\/arribab2b.com\/es\/wp-json\/wp\/v2\/media?parent=11122"}],"wp:term":[{"taxonomy":"product_brand","embeddable":true,"href":"https:\/\/arribab2b.com\/es\/wp-json\/wp\/v2\/product_brand?post=11122"},{"taxonomy":"product_cat","embeddable":true,"href":"https:\/\/arribab2b.com\/es\/wp-json\/wp\/v2\/product_cat?post=11122"},{"taxonomy":"product_tag","embeddable":true,"href":"https:\/\/arribab2b.com\/es\/wp-json\/wp\/v2\/product_tag?post=11122"}],"curies":[{"name":"wp","href":"https:\/\/api.w.org\/{rel}","templated":true}]}}