{"id":11125,"date":"2025-05-09T01:20:03","date_gmt":"2025-05-08T23:20:03","guid":{"rendered":"https:\/\/b2b.arribanutrition.com\/product\/sin%20categor\u00eda\/l-glutamine\/"},"modified":"2025-10-13T09:39:48","modified_gmt":"2025-10-13T07:39:48","slug":"l-glutamine","status":"publish","type":"product","link":"https:\/\/arribab2b.com\/es\/producto\/objetivos\/perder-peso\/l-glutamine\/","title":{"rendered":"L-Glutamine"},"content":{"rendered":"<p><strong>Apoyo puro para atletas exigentes.<\/strong><br \/>\nArriba L-Glutamina ofrece <strong>glutamina 100% de grado farmac\u00e9utico<\/strong>, un amino\u00e1cido vital que favorece la recuperaci\u00f3n, la salud inmunitaria y la preservaci\u00f3n muscular. Ideal durante f<strong>ases de entrenamiento intenso<\/strong> o dietas restringidas en calor\u00edas, este polvo sin sabor se combina f\u00e1cilmente con cualquier rutina de suplementos.<\/p>\n","protected":false},"excerpt":{"rendered":"<p>Apoyo puro para atletas exigentes. Arriba L-Glutamina ofrece glutamina 100% de grado farmac\u00e9utico, un amino\u00e1cido vital que favorece la recuperaci\u00f3n, la salud inmunitaria y la preservaci\u00f3n muscular. Ideal durante fases de entrenamiento intenso o dietas restringidas en calor\u00edas, este polvo sin sabor se combina f\u00e1cilmente con cualquier rutina de suplementos.<\/p>\n","protected":false},"featured_media":11229,"comment_status":"open","ping_status":"closed","template":"","meta":[],"product_brand":[],"product_cat":[325,135,134,132],"product_tag":[406],"class_list":{"0":"post-11125","1":"product","2":"type-product","3":"status-publish","4":"has-post-thumbnail","6":"product_cat-mr-anatoly","7":"product_cat-aguante","8":"product_cat-desarrollo-muscular","9":"product_cat-perder-peso","10":"product_tag-producten-es","12":"first","13":"instock","14":"taxable","15":"shipping-taxable","16":"product-type-simple"},"_links":{"self":[{"href":"https:\/\/arribab2b.com\/es\/wp-json\/wp\/v2\/product\/11125","targetHints":{"allow":["GET"]}}],"collection":[{"href":"https:\/\/arribab2b.com\/es\/wp-json\/wp\/v2\/product"}],"about":[{"href":"https:\/\/arribab2b.com\/es\/wp-json\/wp\/v2\/types\/product"}],"replies":[{"embeddable":true,"href":"https:\/\/arribab2b.com\/es\/wp-json\/wp\/v2\/comments?post=11125"}],"wp:featuredmedia":[{"embeddable":true,"href":"https:\/\/arribab2b.com\/es\/wp-json\/wp\/v2\/media\/11229"}],"wp:attachment":[{"href":"https:\/\/arribab2b.com\/es\/wp-json\/wp\/v2\/media?parent=11125"}],"wp:term":[{"taxonomy":"product_brand","embeddable":true,"href":"https:\/\/arribab2b.com\/es\/wp-json\/wp\/v2\/product_brand?post=11125"},{"taxonomy":"product_cat","embeddable":true,"href":"https:\/\/arribab2b.com\/es\/wp-json\/wp\/v2\/product_cat?post=11125"},{"taxonomy":"product_tag","embeddable":true,"href":"https:\/\/arribab2b.com\/es\/wp-json\/wp\/v2\/product_tag?post=11125"}],"curies":[{"name":"wp","href":"https:\/\/api.w.org\/{rel}","templated":true}]}}