{"id":11328,"date":"2025-11-26T18:56:12","date_gmt":"2025-11-26T17:56:12","guid":{"rendered":"https:\/\/arribab2b.com\/product\/sin categor\u00eda\/shaker-cup\/"},"modified":"2025-11-26T19:01:27","modified_gmt":"2025-11-26T18:01:27","slug":"shaker-cup","status":"publish","type":"product","link":"https:\/\/arribab2b.com\/es\/producto\/accesorios\/shaker-cup\/","title":{"rendered":"Shaker Cup"},"content":{"rendered":"<p>Con esta coctelera, tendr\u00e1s a mano tu delicioso batido casero o tu refrescante bebida vitam\u00ednica a cualquier hora del d\u00eda. Tiene una capacidad de 500 ml y un filtro especial para que tu batido no tenga grumos.  <\/p>\n<p>Este producto no es apto para lavavajillas.<\/p>\n","protected":false},"excerpt":{"rendered":"<p>Con esta coctelera, tendr\u00e1s a mano tu delicioso batido casero o tu refrescante bebida vitam\u00ednica a cualquier hora del d\u00eda. Tiene una capacidad de 500 ml y un filtro especial para que tu batido no tenga grumos. Este producto no es apto para lavavajillas.<\/p>\n","protected":false},"featured_media":11326,"comment_status":"open","ping_status":"closed","template":"","meta":[],"product_brand":[],"product_cat":[166],"product_tag":[],"class_list":{"0":"post-11328","1":"product","2":"type-product","3":"status-publish","4":"has-post-thumbnail","6":"product_cat-accesorios","8":"first","9":"instock","10":"taxable","11":"shipping-taxable","12":"product-type-simple"},"_links":{"self":[{"href":"https:\/\/arribab2b.com\/es\/wp-json\/wp\/v2\/product\/11328","targetHints":{"allow":["GET"]}}],"collection":[{"href":"https:\/\/arribab2b.com\/es\/wp-json\/wp\/v2\/product"}],"about":[{"href":"https:\/\/arribab2b.com\/es\/wp-json\/wp\/v2\/types\/product"}],"replies":[{"embeddable":true,"href":"https:\/\/arribab2b.com\/es\/wp-json\/wp\/v2\/comments?post=11328"}],"wp:featuredmedia":[{"embeddable":true,"href":"https:\/\/arribab2b.com\/es\/wp-json\/wp\/v2\/media\/11326"}],"wp:attachment":[{"href":"https:\/\/arribab2b.com\/es\/wp-json\/wp\/v2\/media?parent=11328"}],"wp:term":[{"taxonomy":"product_brand","embeddable":true,"href":"https:\/\/arribab2b.com\/es\/wp-json\/wp\/v2\/product_brand?post=11328"},{"taxonomy":"product_cat","embeddable":true,"href":"https:\/\/arribab2b.com\/es\/wp-json\/wp\/v2\/product_cat?post=11328"},{"taxonomy":"product_tag","embeddable":true,"href":"https:\/\/arribab2b.com\/es\/wp-json\/wp\/v2\/product_tag?post=11328"}],"curies":[{"name":"wp","href":"https:\/\/api.w.org\/{rel}","templated":true}]}}