{"id":10988,"date":"2025-05-09T01:25:02","date_gmt":"2025-05-08T23:25:02","guid":{"rendered":"https:\/\/b2b.arribanutrition.com\/product\/niet-gecategoriseerd\/multivitamine\/"},"modified":"2025-10-13T09:25:18","modified_gmt":"2025-10-13T07:25:18","slug":"multivitamine","status":"publish","type":"product","link":"https:\/\/arribab2b.com\/nl\/product\/doelen\/afvallen\/multivitamine\/","title":{"rendered":"Multivitamine"},"content":{"rendered":"<p><strong>Compleet welzijn in \u00e9\u00e9n capsule.<br \/>\n<\/strong> Arriba Multivitaminen bieden <strong>een uitgebreid spectrum aan essenti\u00eble micronutri\u00ebnten<\/strong> voor actieve personen. Deze formule is speciaal ontwikkeld voor sporters en mensen met een energieke levensstijl. Het versterkt de immuniteit, bevordert het herstel en zorgt ervoor dat uw lichaam dag in dag uit in topconditie blijft.<\/p>\n","protected":false},"excerpt":{"rendered":"<p>Compleet welzijn in \u00e9\u00e9n capsule. Arriba Multivitaminen bieden een uitgebreid spectrum aan essenti\u00eble micronutri\u00ebnten voor actieve personen. Deze formule is speciaal ontwikkeld voor sporters en mensen met een energieke levensstijl. Het versterkt de immuniteit, bevordert het herstel en zorgt ervoor dat uw lichaam dag in dag uit in topconditie blijft.<\/p>\n","protected":false},"featured_media":11231,"comment_status":"open","ping_status":"closed","template":"","meta":[],"product_brand":[],"product_cat":[310,35,36],"product_tag":[405],"class_list":{"0":"post-10988","1":"product","2":"type-product","3":"status-publish","4":"has-post-thumbnail","6":"product_cat-mr-anatoly","7":"product_cat-afvallen","8":"product_cat-gezonde-lifestyle","9":"product_tag-producten-nl","11":"first","12":"instock","13":"taxable","14":"shipping-taxable","15":"product-type-simple"},"_links":{"self":[{"href":"https:\/\/arribab2b.com\/nl\/wp-json\/wp\/v2\/product\/10988","targetHints":{"allow":["GET"]}}],"collection":[{"href":"https:\/\/arribab2b.com\/nl\/wp-json\/wp\/v2\/product"}],"about":[{"href":"https:\/\/arribab2b.com\/nl\/wp-json\/wp\/v2\/types\/product"}],"replies":[{"embeddable":true,"href":"https:\/\/arribab2b.com\/nl\/wp-json\/wp\/v2\/comments?post=10988"}],"wp:featuredmedia":[{"embeddable":true,"href":"https:\/\/arribab2b.com\/nl\/wp-json\/wp\/v2\/media\/11231"}],"wp:attachment":[{"href":"https:\/\/arribab2b.com\/nl\/wp-json\/wp\/v2\/media?parent=10988"}],"wp:term":[{"taxonomy":"product_brand","embeddable":true,"href":"https:\/\/arribab2b.com\/nl\/wp-json\/wp\/v2\/product_brand?post=10988"},{"taxonomy":"product_cat","embeddable":true,"href":"https:\/\/arribab2b.com\/nl\/wp-json\/wp\/v2\/product_cat?post=10988"},{"taxonomy":"product_tag","embeddable":true,"href":"https:\/\/arribab2b.com\/nl\/wp-json\/wp\/v2\/product_tag?post=10988"}],"curies":[{"name":"wp","href":"https:\/\/api.w.org\/{rel}","templated":true}]}}